{"id":5,"date":"2021-05-13T18:44:46","date_gmt":"2021-05-13T18:44:46","guid":{"rendered":"https:\/\/www.kian.li\/?page_id=5"},"modified":"2021-05-13T19:34:27","modified_gmt":"2021-05-13T19:34:27","slug":"create-your-website-with-blocks","status":"publish","type":"page","link":"https:\/\/www.kian.li\/","title":{"rendered":"DARTS VEREIN f\u00fcr Kinder"},"content":{"rendered":"\n<p>Mein Name ist Kian, ich bin 7 Jahre alt und besuche die Primarschule Ruggell. Ich bin begeisterter Sportler und Musik geh\u00f6rt auch zu meinen Leidenschaften. In meiner Freizeit spiele ich bereits Fussball, Tennis und Klavier. <\/p>\n\n\n\n<p>Nun m\u00f6chte ich einen Darts Verein f\u00fcr Kinder in Ruggell gr\u00fcnden. M\u00f6chtest du mitmachen? Es ist ein Projekt, das wir selbst entwickeln d\u00fcrfen. Meine Eltern wollen uns helfen. Wenn du Interesse hast, lies weiter unter dem Men\u00fcpunkt &#8220;Das Projekt&#8221;.<\/p>\n\n\n\n<div style=\"height:10px\" aria-hidden=\"true\" class=\"wp-block-spacer\"><\/div>\n\n\n\n<div class=\"wp-block-columns alignwide are-vertically-aligned-center is-style-twentytwentyone-columns-overlap is-layout-flex wp-container-core-columns-is-layout-9d6595d7 wp-block-columns-is-layout-flex\">\n<div class=\"wp-block-column is-vertically-aligned-center is-layout-flow wp-block-column-is-layout-flow\">\n<div class=\"wp-block-image is-style-twentytwentyone-image-frame\"><figure class=\"aligncenter size-large\"><img loading=\"lazy\" decoding=\"async\" width=\"480\" height=\"640\" src=\"https:\/\/www.kian.li\/wp-content\/uploads\/2021\/05\/Kian-Bild-mittel-rotated.jpg\" alt=\"\" class=\"wp-image-38\" srcset=\"https:\/\/www.kian.li\/wp-content\/uploads\/2021\/05\/Kian-Bild-mittel-rotated.jpg 480w, https:\/\/www.kian.li\/wp-content\/uploads\/2021\/05\/Kian-Bild-mittel-225x300.jpg 225w\" sizes=\"auto, (max-width: 480px) 100vw, 480px\" \/><\/figure><\/div>\n\n\n\n<div style=\"height:100px\" aria-hidden=\"true\" class=\"wp-block-spacer\"><\/div>\n<\/div>\n<\/div>\n\n\n\n<div style=\"height:50px\" aria-hidden=\"true\" class=\"wp-block-spacer\"><\/div>\n\n\n\n<div class=\"wp-block-columns alignwide are-vertically-aligned-top is-layout-flex wp-container-core-columns-is-layout-9d6595d7 wp-block-columns-is-layout-flex\">\n<div class=\"wp-block-column is-vertically-aligned-top is-layout-flow wp-block-column-is-layout-flow\"><\/div>\n\n\n\n<div class=\"wp-block-column is-vertically-aligned-top is-layout-flow wp-block-column-is-layout-flow\"><\/div>\n\n\n\n<div class=\"wp-block-column is-vertically-aligned-top is-layout-flow wp-block-column-is-layout-flow\"><\/div>\n<\/div>\n\n\n\n<div style=\"height:100px\" aria-hidden=\"true\" class=\"wp-block-spacer\"><\/div>\n","protected":false},"excerpt":{"rendered":"<p>Mein Name ist Kian, ich bin 7 Jahre alt und besuche die Primarschule Ruggell. Ich bin begeisterter Sportler und Musik geh\u00f6rt auch zu meinen Leidenschaften. In meiner Freizeit spiele ich bereits Fussball, Tennis und Klavier. Nun m\u00f6chte ich einen Darts Verein f\u00fcr Kinder in Ruggell gr\u00fcnden. M\u00f6chtest du mitmachen? Es ist ein Projekt, das wir&hellip; <a class=\"more-link\" href=\"https:\/\/www.kian.li\/\">Continue reading <span class=\"screen-reader-text\">DARTS VEREIN f\u00fcr Kinder<\/span><\/a><\/p>\n","protected":false},"author":1,"featured_media":0,"parent":0,"menu_order":0,"comment_status":"closed","ping_status":"closed","template":"","meta":{"footnotes":""},"class_list":["post-5","page","type-page","status-publish","hentry","entry"],"_links":{"self":[{"href":"https:\/\/www.kian.li\/index.php\/wp-json\/wp\/v2\/pages\/5","targetHints":{"allow":["GET"]}}],"collection":[{"href":"https:\/\/www.kian.li\/index.php\/wp-json\/wp\/v2\/pages"}],"about":[{"href":"https:\/\/www.kian.li\/index.php\/wp-json\/wp\/v2\/types\/page"}],"author":[{"embeddable":true,"href":"https:\/\/www.kian.li\/index.php\/wp-json\/wp\/v2\/users\/1"}],"replies":[{"embeddable":true,"href":"https:\/\/www.kian.li\/index.php\/wp-json\/wp\/v2\/comments?post=5"}],"version-history":[{"count":8,"href":"https:\/\/www.kian.li\/index.php\/wp-json\/wp\/v2\/pages\/5\/revisions"}],"predecessor-version":[{"id":46,"href":"https:\/\/www.kian.li\/index.php\/wp-json\/wp\/v2\/pages\/5\/revisions\/46"}],"wp:attachment":[{"href":"https:\/\/www.kian.li\/index.php\/wp-json\/wp\/v2\/media?parent=5"}],"curies":[{"name":"wp","href":"https:\/\/api.w.org\/{rel}","templated":true}]}}